{"id":1259,"date":"2021-09-21T15:02:05","date_gmt":"2021-09-21T13:02:05","guid":{"rendered":"https:\/\/goldenes-familienfest-descape.de\/?page_id=1259"},"modified":"2021-12-11T09:27:44","modified_gmt":"2021-12-11T08:27:44","slug":"ranking","status":"publish","type":"page","link":"https:\/\/golfam.teamescape.com\/?page_id=1259","title":{"rendered":"Ranking"},"content":{"rendered":"<p>[et_pb_section fb_built=&#187;1&#8243; _builder_version=&#187;4.4.1&#8243; background_color=&#187;rgba(0,0,0,0.8)&#187; max_height=&#187;300px&#187; custom_margin=&#187;0px|0px|0px|0px|false|false&#187; custom_padding=&#187;0px|0px|0px|0px|false|false&#187; saved_tabs=&#187;all&#187;][et_pb_row column_structure=&#187;1_5,3_5,1_5&#8243; _builder_version=&#187;4.4.1&#8243;][et_pb_column type=&#187;1_5&#8243; _builder_version=&#187;4.4.1&#8243;][\/et_pb_column][et_pb_column type=&#187;3_5&#8243; _builder_version=&#187;4.4.1&#8243;][et_pb_text _builder_version=&#187;4.4.1&#8243; text_text_color=&#187;#ffffff&#187; header_font=&#187;|800|||||||&#187; header_text_color=&#187;#ffffff&#187; header_font_size=&#187;45px&#187; header_2_font=&#187;||||||||&#187; header_2_text_color=&#187;#e30613&#8243; header_2_font_size=&#187;45px&#187; custom_margin=&#187;20px||-1px||false|false&#187; custom_padding=&#187;0px||0px||false|false&#187;]<\/p>\n<h1 style=\"text-align: center;\">Ranking<\/h1>\n<p>[\/et_pb_text][\/et_pb_column][et_pb_column type=&#187;1_5&#8243; _builder_version=&#187;4.4.1&#8243;][\/et_pb_column][\/et_pb_row][\/et_pb_section][et_pb_section fb_built=&#187;1&#8243; _builder_version=&#187;4.4.1&#8243; background_image=&#187;https:\/\/golfam.teamescape.com\/wp-content\/uploads\/2021\/11\/dark-grey-black-slate-texture-with-high-resolution-background-of-natural-black-stone-wall-scaled.jpg&#187; parallax=&#187;on&#187; parallax_method=&#187;off&#187; min_height=&#187;1000px&#187; custom_padding=&#187;||0px||false|false&#187;][et_pb_row column_structure=&#187;1_5,1_5,1_5,1_5,1_5&#8243; _builder_version=&#187;4.4.1&#8243; background_color=&#187;rgba(0,0,0,0)&#187; custom_padding=&#187;15px|15px|15px|15px|false|false&#187; global_module=&#187;2360&#8243; saved_tabs=&#187;all&#187;][et_pb_column type=&#187;1_5&#8243; _builder_version=&#187;4.4.1&#8243;][et_pb_circle_counter title=&#187;\u00dcber 117 Punkte&#187; number=&#187;100&#8243; bar_bg_color=&#187;#eace6a&#187; circle_color=&#187;#ffffff&#187; _builder_version=&#187;4.4.1&#8243; title_text_color=&#187;#ffffff&#187; number_text_color=&#187;#ffffff&#187;][\/et_pb_circle_counter][et_pb_text _builder_version=&#187;4.4.1&#8243; text_text_color=&#187;#ffffff&#187; header_3_text_color=&#187;#eace6a&#187;]<\/p>\n<h3 style=\"text-align: center;\">Familienoberhaupt<\/h3>\n<p style=\"text-align: center;\">Du hast das Familienoberhaupt abgel\u00f6st. Respekt!<\/p>\n<p>[\/et_pb_text][\/et_pb_column][et_pb_column type=&#187;1_5&#8243; _builder_version=&#187;4.4.1&#8243;][et_pb_circle_counter title=&#187;117 &#8211; 96 Punkte&#187; number=&#187;80&#8243; bar_bg_color=&#187;#eace6a&#187; circle_color=&#187;#ffffff&#187; _builder_version=&#187;4.4.1&#8243; title_text_color=&#187;#ffffff&#187; number_text_color=&#187;#ffffff&#187;][\/et_pb_circle_counter][et_pb_text _builder_version=&#187;4.4.1&#8243; text_text_color=&#187;#ffffff&#187; header_text_color=&#187;#eace6a&#187; header_3_text_color=&#187;#eace6a&#187;]<\/p>\n<h3 style=\"text-align: center;\">Stammhalter<\/h3>\n<p style=\"text-align: center;\">Dir steht eine tolle Zukunft in der Familien-Hierachie bevor.<\/p>\n<p>[\/et_pb_text][\/et_pb_column][et_pb_column type=&#187;1_5&#8243; _builder_version=&#187;4.4.1&#8243;][et_pb_circle_counter title=&#187;95 &#8211; 72 Punkte&#187; number=&#187;60&#8243; bar_bg_color=&#187;#eace6a&#187; circle_color=&#187;#ffffff&#187; _builder_version=&#187;4.4.1&#8243; title_text_color=&#187;#ffffff&#187; number_text_color=&#187;#ffffff&#187;][\/et_pb_circle_counter][et_pb_text _builder_version=&#187;4.4.1&#8243; text_text_color=&#187;#ffffff&#187; header_text_color=&#187;#eace6a&#187; header_3_text_color=&#187;#eace6a&#187;]<\/p>\n<h3 style=\"text-align: center;\">Zukunftshoffnung<\/h3>\n<p style=\"text-align: center;\">Die Chance ist\u00a0 da, dass du innerhalb der Familie irgendwann aufsteigen wirst.<\/p>\n<p>[\/et_pb_text][\/et_pb_column][et_pb_column type=&#187;1_5&#8243; _builder_version=&#187;4.4.1&#8243;][et_pb_circle_counter title=&#187;71 &#8211; 48 Punkte&#187; number=&#187;40&#8243; bar_bg_color=&#187;#eace6a&#187; circle_color=&#187;#ffffff&#187; _builder_version=&#187;4.4.1&#8243; title_text_color=&#187;#ffffff&#187; number_text_color=&#187;#ffffff&#187;][\/et_pb_circle_counter][et_pb_text _builder_version=&#187;4.4.1&#8243; text_text_color=&#187;#ffffff&#187; header_text_color=&#187;#00aba6&#8243; header_3_text_color=&#187;#eace6a&#187;]<\/p>\n<h3 style=\"text-align: center;\">Schwarzes Schaf<\/h3>\n<p style=\"text-align: center;\">Ein schwarzes Schaf gibt es in jeder Familie. Kopf hoch!<\/p>\n<p>[\/et_pb_text][\/et_pb_column][et_pb_column type=&#187;1_5&#8243; _builder_version=&#187;4.4.1&#8243;][et_pb_circle_counter title=&#187;47 &#8211; 0 Punkte&#187; number=&#187;20&#8243; bar_bg_color=&#187;#eace6a&#187; circle_color=&#187;#ffffff&#187; _builder_version=&#187;4.4.1&#8243; title_text_color=&#187;#ffffff&#187; number_text_color=&#187;#ffffff&#187;][\/et_pb_circle_counter][et_pb_text _builder_version=&#187;4.4.1&#8243; text_text_color=&#187;#ffffff&#187; header_text_color=&#187;#00aba6&#8243; header_3_text_color=&#187;#eace6a&#187;]<\/p>\n<h3 style=\"text-align: center;\">Erbschleicher<\/h3>\n<p style=\"text-align: center;\">Du wurdest enttarnt und aus der Familie geschmissen!<\/p>\n<p>[\/et_pb_text][\/et_pb_column][\/et_pb_row][\/et_pb_section]<\/p>\n","protected":false},"excerpt":{"rendered":"<p>RankingFamilienoberhaupt Du hast das Familienoberhaupt abgel\u00f6st. Respekt!Stammhalter Dir steht eine tolle Zukunft in der Familien-Hierachie bevor.Zukunftshoffnung Die Chance ist\u00a0 da, dass du innerhalb der Familie irgendwann aufsteigen wirst.Schwarzes Schaf Ein schwarzes Schaf gibt es in jeder Familie. Kopf hoch!Erbschleicher Du wurdest enttarnt und aus der Familie geschmissen!<\/p>\n","protected":false},"author":10,"featured_media":0,"parent":539,"menu_order":0,"comment_status":"closed","ping_status":"closed","template":"","meta":{"_et_pb_use_builder":"on","_et_pb_old_content":"<!-- wp:paragraph -->\n<p>Dies ist eine Beispiel-Seite. Sie unterscheidet sich von Beitr\u00e4gen, da sie stets an derselben Stelle bleibt und (bei den meisten Themes) in der Website-Navigation angezeigt wird. Die meisten starten mit einem Impressum, der Datenschutzerkl\u00e4rung oder einer \u201e\u00dcber&nbsp;uns\u201c-Seite, um sich potenziellen Besuchern der Website vorzustellen. Dort k\u00f6nnte zum Beispiel stehen:<\/p>\n<!-- \/wp:paragraph -->\n\n<!-- wp:quote -->\n<blockquote class=\"wp-block-quote\"><p>Hallo! Tags\u00fcber arbeite ich als Fahrradkurier, nachts bin ich ein aufstrebender Schauspieler und dies hier ist meine Website. Ich lebe in Berlin, habe einen gro\u00dfen Hund namens Jack, mag Pi\u00f1a Coladas, jedoch weniger (ohne Schirm) im Regen stehen gelassen zu werden.<\/p><\/blockquote>\n<!-- \/wp:quote -->\n\n<!-- wp:paragraph -->\n<p>...oder so etwas wie das hier:<\/p>\n<!-- \/wp:paragraph -->\n\n<!-- wp:quote -->\n<blockquote class=\"wp-block-quote\"><p>Das Unternehmen XYZ wurde 1971 gegr\u00fcndet und versorgt die \u00d6ffentlichkeit seither mit qualitativ hochwertigen Produkten. An seinem Standort in einer kleinen Gro\u00dfstadt besch\u00e4ftigt der Betrieb \u00fcber 2.000 Menschen und unterst\u00fctzt die Stadtbewohner in vielfacher Hinsicht.<\/p><\/blockquote>\n<!-- \/wp:quote -->\n\n<!-- wp:paragraph -->\n<p>Als neuer WordPress-Benutzer solltest du <a href=\"https:\/\/golfam.teamescape.com\/wp-admin\/\">dein Dashboard<\/a> aufrufen, um diese Seite zu l\u00f6schen und neue Seiten und Beitr\u00e4ge f\u00fcr deine Website erstellen. Viel Spa\u00df!<\/p>\n<!-- \/wp:paragraph -->","_et_gb_content_width":"","inline_featured_image":false,"footnotes":""},"class_list":["post-1259","page","type-page","status-publish","hentry"],"_links":{"self":[{"href":"https:\/\/golfam.teamescape.com\/index.php?rest_route=\/wp\/v2\/pages\/1259","targetHints":{"allow":["GET"]}}],"collection":[{"href":"https:\/\/golfam.teamescape.com\/index.php?rest_route=\/wp\/v2\/pages"}],"about":[{"href":"https:\/\/golfam.teamescape.com\/index.php?rest_route=\/wp\/v2\/types\/page"}],"author":[{"embeddable":true,"href":"https:\/\/golfam.teamescape.com\/index.php?rest_route=\/wp\/v2\/users\/10"}],"replies":[{"embeddable":true,"href":"https:\/\/golfam.teamescape.com\/index.php?rest_route=%2Fwp%2Fv2%2Fcomments&post=1259"}],"version-history":[{"count":26,"href":"https:\/\/golfam.teamescape.com\/index.php?rest_route=\/wp\/v2\/pages\/1259\/revisions"}],"predecessor-version":[{"id":2361,"href":"https:\/\/golfam.teamescape.com\/index.php?rest_route=\/wp\/v2\/pages\/1259\/revisions\/2361"}],"up":[{"embeddable":true,"href":"https:\/\/golfam.teamescape.com\/index.php?rest_route=\/wp\/v2\/pages\/539"}],"wp:attachment":[{"href":"https:\/\/golfam.teamescape.com\/index.php?rest_route=%2Fwp%2Fv2%2Fmedia&parent=1259"}],"curies":[{"name":"wp","href":"https:\/\/api.w.org\/{rel}","templated":true}]}}