{"id":1278,"date":"2021-09-21T15:41:42","date_gmt":"2021-09-21T13:41:42","guid":{"rendered":"https:\/\/goldenes-familienfest-descape.de\/?page_id=1278"},"modified":"2022-10-10T11:28:02","modified_gmt":"2022-10-10T09:28:02","slug":"login","status":"publish","type":"page","link":"https:\/\/golfam.teamescape.com\/","title":{"rendered":"Login"},"content":{"rendered":"<p>[et_pb_section fb_built=&#187;1&#8243; _builder_version=&#187;4.4.1&#8243; background_color=&#187;rgba(0,0,0,0.8)&#187; max_height=&#187;300px&#187; custom_margin=&#187;0px|0px|0px|0px|false|false&#187; custom_padding=&#187;0px|0px|0px|0px|false|false&#187; global_module=&#187;463&#8243; global_colors_info=&#187;{}&#187;][et_pb_row column_structure=&#187;1_5,3_5,1_5&#8243; _builder_version=&#187;4.16&#8243; global_colors_info=&#187;{}&#187;][et_pb_column type=&#187;1_5&#8243; _builder_version=&#187;4.16&#8243; global_colors_info=&#187;{}&#187;][\/et_pb_column][et_pb_column type=&#187;3_5&#8243; _builder_version=&#187;4.16&#8243; global_colors_info=&#187;{}&#187;][et_pb_text _builder_version=&#187;4.16.1&#8243; text_text_color=&#187;#ffffff&#187; header_font=&#187;|800|||||||&#187; header_text_color=&#187;#ffffff&#187; header_font_size=&#187;32px&#187; header_2_font=&#187;||||||||&#187; header_2_text_color=&#187;#eace6a&#187; header_2_font_size=&#187;45px&#187; custom_margin=&#187;20px||-1px||false|false&#187; custom_padding=&#187;0px||0px||false|false&#187; global_colors_info=&#187;{}&#187;]<\/p>\n<h1 style=\"text-align: center;\">Online Escape Game<\/h1>\n<h2 style=\"text-align: center;\">GOLDENES FAMILIENFEST<\/h2>\n<p>[\/et_pb_text][\/et_pb_column][et_pb_column type=&#187;1_5&#8243; _builder_version=&#187;4.16&#8243; global_colors_info=&#187;{}&#187;][\/et_pb_column][\/et_pb_row][\/et_pb_section][et_pb_section fb_built=&#187;1&#8243; _builder_version=&#187;4.16&#8243; background_color=&#187;#ffffff&#187; background_image=&#187;https:\/\/golfam.teamescape.com\/wp-content\/uploads\/2021\/11\/dark-grey-black-slate-texture-with-high-resolution-background-of-natural-black-stone-wall-scaled.jpg&#187; parallax=&#187;on&#187; parallax_method=&#187;off&#187; min_height=&#187;1000px&#187; global_colors_info=&#187;{}&#187;][et_pb_row column_structure=&#187;1_3,1_3,1_3&#8243; _builder_version=&#187;4.16&#8243; global_colors_info=&#187;{}&#187;][et_pb_column type=&#187;1_3&#8243; _builder_version=&#187;4.16&#8243; global_colors_info=&#187;{}&#187;][et_pb_image src=&#187;https:\/\/golfam.teamescape.com\/wp-content\/uploads\/2021\/12\/P2652-Icon-Technik.png&#187; _builder_version=&#187;4.16&#8243; width=&#187;40%&#187; module_alignment=&#187;center&#187; global_colors_info=&#187;{}&#187;][\/et_pb_image][et_pb_text _builder_version=&#187;4.16&#8243; text_text_color=&#187;#ffffff&#187; header_text_color=&#187;#ffffff&#187; header_2_text_color=&#187;#ffffff&#187; background_color=&#187;rgba(0,0,0,0)&#187; custom_padding=&#187;15px|15px|15px|15px|false|false&#187; global_colors_info=&#187;{}&#187;]<\/p>\n<h2><strong>Technik<\/strong><\/h2>\n<p>Bitte spiele das Spiel <strong>ausschlie\u00dflich<\/strong> am Desktop-PC oder Laptop, da einzelne Elemente nicht f\u00fcr mobile Endger\u00e4te geeignet sind. Nutze als Browser je nach Betriebssystem <strong>Google Chrome, Firefox oder Safari.<\/strong> <\/p>\n<p>[\/et_pb_text][\/et_pb_column][et_pb_column type=&#187;1_3&#8243; _builder_version=&#187;4.16&#8243; global_colors_info=&#187;{}&#187;][et_pb_image src=&#187;https:\/\/golfam.teamescape.com\/wp-content\/uploads\/2021\/12\/P2652-Icon-Hilfsmittel.png&#187; _builder_version=&#187;4.16&#8243; width=&#187;40%&#187; module_alignment=&#187;center&#187; global_colors_info=&#187;{}&#187;][\/et_pb_image][et_pb_text _builder_version=&#187;4.16&#8243; text_text_color=&#187;#ffffff&#187; header_2_text_color=&#187;#ffffff&#187; background_color=&#187;rgba(0,0,0,0)&#187; custom_padding=&#187;15px|15px|15px|15px|false|false&#187; global_colors_info=&#187;{}&#187;]<\/p>\n<h2><strong>Hilfsmittel<\/strong><\/h2>\n<p>Legt euch einen Block, einen Stift und evtl. euer Smartphone bereit und notiert <strong>alles<\/strong> (und wir meinen wirklich alles), was ihr f\u00fcr relevant haltet. Es k\u00f6nnte euch zu einem sp\u00e4teren Zeitpunkt hilfreich werden.<\/p>\n<p>[\/et_pb_text][\/et_pb_column][et_pb_column type=&#187;1_3&#8243; _builder_version=&#187;4.16&#8243; global_colors_info=&#187;{}&#187;][et_pb_image src=&#187;https:\/\/golfam.teamescape.com\/wp-content\/uploads\/2021\/12\/P2652-Icon-Teammodus.png&#187; _builder_version=&#187;4.16&#8243; width=&#187;40%&#187; module_alignment=&#187;center&#187; global_colors_info=&#187;{}&#187;][\/et_pb_image][et_pb_text _builder_version=&#187;4.16&#8243; text_text_color=&#187;#ffffff&#187; header_2_text_color=&#187;#ffffff&#187; background_color=&#187;rgba(0,0,0,0)&#187; custom_padding=&#187;15px|15px|15px|15px|false|false&#187; global_colors_info=&#187;{}&#187;]<\/p>\n<h2>Teammodus<\/h2>\n<p>Erstellt eine <strong>Team-ID<\/strong> oder nutzt eine bereits vorhandene, um eure Endger\u00e4te und eure Ergebnisse miteinander zu <strong>synchronisieren<\/strong>.<\/p>\n<p>[\/et_pb_text][\/et_pb_column][\/et_pb_row][et_pb_row column_structure=&#187;1_3,1_3,1_3&#8243; _builder_version=&#187;4.16&#8243; global_colors_info=&#187;{}&#187;][et_pb_column type=&#187;1_3&#8243; _builder_version=&#187;4.16&#8243; global_colors_info=&#187;{}&#187;][et_pb_image src=&#187;https:\/\/golfam.teamescape.com\/wp-content\/uploads\/2021\/12\/P2652-Icon-Punktesystem.png&#187; _builder_version=&#187;4.16&#8243; width=&#187;40%&#187; module_alignment=&#187;center&#187; global_colors_info=&#187;{}&#187;][\/et_pb_image][et_pb_text _builder_version=&#187;4.16&#8243; text_text_color=&#187;#ffffff&#187; header_text_color=&#187;#ffffff&#187; header_2_text_color=&#187;#ffffff&#187; background_color=&#187;rgba(0,0,0,0)&#187; custom_padding=&#187;15px|15px|15px|15px|false|false&#187; global_colors_info=&#187;{}&#187;]<\/p>\n<h2><strong>Punktesystem<\/strong><\/h2>\n<p>F\u00fcr jedes erfolgreich gel\u00f6ste R\u00e4tsel bekommt ihr <strong>Pluspunkte<\/strong>, die euch am Ende euer Ergebnis verraten. Beachtet, das jeder in Anspruch genommene Hinweis wertvolle Punkte kostet!<\/p>\n<p>[\/et_pb_text][\/et_pb_column][et_pb_column type=&#187;1_3&#8243; _builder_version=&#187;4.16&#8243; global_colors_info=&#187;{}&#187;][et_pb_image src=&#187;https:\/\/golfam.teamescape.com\/wp-content\/uploads\/2021\/12\/P2652-Icon-Zeitorientierung.png&#187; _builder_version=&#187;4.16&#8243; width=&#187;40%&#187; module_alignment=&#187;center&#187; global_colors_info=&#187;{}&#187;][\/et_pb_image][et_pb_text _builder_version=&#187;4.16&#8243; text_text_color=&#187;#ffffff&#187; header_2_text_color=&#187;#ffffff&#187; background_color=&#187;rgba(0,0,0,0)&#187; custom_padding=&#187;15px|15px|15px|15px|false|false&#187; global_colors_info=&#187;{}&#187;]<\/p>\n<h2><strong>Zeitorientierung<\/strong><\/h2>\n<p>Dieses Symbol zeigt euch w\u00e4hrend des Spiels eine <strong>Orientierung<\/strong>, nach welcher <strong>Zeit<\/strong> ihr auf dieser Seite bzw. bei diesem R\u00e4tsel angekommen sein solltet. Es taucht immer <strong>oben rechts<\/strong> neben der Headline auf. Wenn ihr <strong>zwischen diesen beiden Zeiten<\/strong> liegt, ist alles super!<\/p>\n<p>[\/et_pb_text][\/et_pb_column][et_pb_column type=&#187;1_3&#8243; _builder_version=&#187;4.16&#8243; global_colors_info=&#187;{}&#187;][et_pb_image src=&#187;https:\/\/golfam.teamescape.com\/wp-content\/uploads\/2021\/12\/P2652-Icon-Information.png&#187; _builder_version=&#187;4.16&#8243; width=&#187;40%&#187; module_alignment=&#187;center&#187; global_colors_info=&#187;{}&#187;][\/et_pb_image][et_pb_text _builder_version=&#187;4.16&#8243; text_text_color=&#187;#ffffff&#187; header_2_text_color=&#187;#ffffff&#187; background_color=&#187;rgba(0,0,0,0)&#187; custom_padding=&#187;15px|15px|15px|15px|false|false&#187; global_colors_info=&#187;{}&#187;]<\/p>\n<h2><strong>Echte Inhalte<\/strong><\/h2>\n<p>Dieser Escape Room basiert auf\u00a0<strong>originalen Unterlagen, <\/strong>die retuschiert wurden. Wir haben die Protokolle umgeschrieben und Namen und Orte ausgetauscht. Die gesamte Geschichte ist (leider) <strong>erfunden<\/strong>.<\/p>\n<p>[\/et_pb_text][\/et_pb_column][\/et_pb_row][et_pb_row _builder_version=&#187;4.16&#8243; global_colors_info=&#187;{}&#187;][et_pb_column type=&#187;4_4&#8243; _builder_version=&#187;4.16&#8243; global_colors_info=&#187;{}&#187;][et_pb_divider _builder_version=&#187;4.16&#8243; global_colors_info=&#187;{}&#187;][\/et_pb_divider][\/et_pb_column][\/et_pb_row][et_pb_row column_structure=&#187;1_2,1_2&#8243; _builder_version=&#187;4.16&#8243; global_colors_info=&#187;{}&#187;][et_pb_column type=&#187;1_2&#8243; _builder_version=&#187;4.16&#8243; global_colors_info=&#187;{}&#187;][et_pb_image src=&#187;https:\/\/golfam.teamescape.com\/wp-content\/uploads\/2021\/12\/P2625-Website-Produktfoto-Goldenes-Familienfest.jpg&#187; _builder_version=&#187;4.16&#8243; global_colors_info=&#187;{}&#187;][\/et_pb_image][\/et_pb_column][et_pb_column type=&#187;1_2&#8243; _builder_version=&#187;4.16&#8243; global_colors_info=&#187;{}&#187;][et_pb_text _builder_version=&#187;4.16.1&#8243; text_text_color=&#187;#ffffff&#187; header_font=&#187;|||on|||||&#187; header_text_color=&#187;#ffffff&#187; header_2_text_color=&#187;#ffffff&#187; background_color=&#187;rgba(0,0,0,0)&#187; custom_padding=&#187;15px|15px|15px|15px|false|false&#187; hover_enabled=&#187;0&#8243; global_colors_info=&#187;{}&#187; sticky_enabled=&#187;0&#8243;]<\/p>\n<h1>Spiel starten!<\/h1>\n<p>Hast du z. B. \u00fcber <span style=\"color: #ffffff;\"><a href=\"https:\/\/teamescape.com\/online-escape-rooms\/\" style=\"color: #ffffff;\" title=\"TeamEscape\"><strong>TeamEscape<\/strong><\/a><\/span><span style=\"color: #ff0000;\"><span style=\"color: #ffffff;\">\u00a0<\/span><\/span>den Zugang zum Spiel gekauft? Dann hast du per E-Mail ein Passwort erhalten, welches du ben\u00f6tigst, um dich in das Spiel einzuloggen.<\/p>\n<script type=\"text\/javascript\">\n\/* <![CDATA[ *\/\nvar gform;gform||(document.addEventListener(\"gform_main_scripts_loaded\",function(){gform.scriptsLoaded=!0}),document.addEventListener(\"gform\/theme\/scripts_loaded\",function(){gform.themeScriptsLoaded=!0}),window.addEventListener(\"DOMContentLoaded\",function(){gform.domLoaded=!0}),gform={domLoaded:!1,scriptsLoaded:!1,themeScriptsLoaded:!1,isFormEditor:()=>\"function\"==typeof InitializeEditor,callIfLoaded:function(o){return!(!gform.domLoaded||!gform.scriptsLoaded||!gform.themeScriptsLoaded&&!gform.isFormEditor()||(gform.isFormEditor()&&console.warn(\"The use of gform.initializeOnLoaded() is deprecated in the form editor context and will be removed in Gravity Forms 3.1.\"),o(),0))},initializeOnLoaded:function(o){gform.callIfLoaded(o)||(document.addEventListener(\"gform_main_scripts_loaded\",()=>{gform.scriptsLoaded=!0,gform.callIfLoaded(o)}),document.addEventListener(\"gform\/theme\/scripts_loaded\",()=>{gform.themeScriptsLoaded=!0,gform.callIfLoaded(o)}),window.addEventListener(\"DOMContentLoaded\",()=>{gform.domLoaded=!0,gform.callIfLoaded(o)}))},hooks:{action:{},filter:{}},addAction:function(o,r,e,t){gform.addHook(\"action\",o,r,e,t)},addFilter:function(o,r,e,t){gform.addHook(\"filter\",o,r,e,t)},doAction:function(o){gform.doHook(\"action\",o,arguments)},applyFilters:function(o){return gform.doHook(\"filter\",o,arguments)},removeAction:function(o,r){gform.removeHook(\"action\",o,r)},removeFilter:function(o,r,e){gform.removeHook(\"filter\",o,r,e)},addHook:function(o,r,e,t,n){null==gform.hooks[o][r]&&(gform.hooks[o][r]=[]);var d=gform.hooks[o][r];null==n&&(n=r+\"_\"+d.length),gform.hooks[o][r].push({tag:n,callable:e,priority:t=null==t?10:t})},doHook:function(r,o,e){var t;if(e=Array.prototype.slice.call(e,1),null!=gform.hooks[r][o]&&((o=gform.hooks[r][o]).sort(function(o,r){return o.priority-r.priority}),o.forEach(function(o){\"function\"!=typeof(t=o.callable)&&(t=window[t]),\"action\"==r?t.apply(null,e):e[0]=t.apply(null,e)})),\"filter\"==r)return e[0]},removeHook:function(o,r,t,n){var e;null!=gform.hooks[o][r]&&(e=(e=gform.hooks[o][r]).filter(function(o,r,e){return!!(null!=n&&n!=o.tag||null!=t&&t!=o.priority)}),gform.hooks[o][r]=e)}});\n\/* ]]> *\/\n<\/script>\n\n                <div class='gf_browser_gecko gform_wrapper gform_legacy_markup_wrapper gform-theme--no-framework' data-form-theme='legacy' data-form-index='0' id='gform_wrapper_16' style='display:none'>\n                        <div class='gform_heading'>\n                            <p class='gform_description'><\/p>\n                        <\/div><form method='post' enctype='multipart\/form-data'  id='gform_16'  action='\/index.php?rest_route=%2Fwp%2Fv2%2Fpages%2F1278' data-formid='16' novalidate>\n                        <div class='gform-body gform_body'><ul id='gform_fields_16' class='gform_fields top_label form_sublabel_below description_below validation_below'><li id=\"field_16_1\" class=\"gfield gfield--type-text field_sublabel_below gfield--has-description field_description_below field_validation_below gfield_visibility_visible\"  ><label class='gfield_label gform-field-label screen-reader-text' for='input_16_1'>Passwort<\/label><div class='ginput_container ginput_container_text'><input name='input_1' id='input_16_1' type='text' value='' class='medium'  aria-describedby=\"gfield_description_16_1\"  placeholder='Passwort'  aria-invalid=\"false\"   \/><\/div><div class='gfield_description' id='gfield_description_16_1'>Sobald du das richtige Passwort eingegeben hast, erscheint ein Button. <\/div><\/li><\/ul><\/div>\n        <div class='gform-footer gform_footer top_label'> <input type='submit' id='gform_submit_button_16' class='gform_button button' onclick='gform.submission.handleButtonClick(this);' data-submission-type='submit' value='Los geht&#039;s!'  \/> \n            <input type='hidden' class='gform_hidden' name='gform_submission_method' data-js='gform_submission_method_16' value='postback' \/>\n            <input type='hidden' class='gform_hidden' name='gform_theme' data-js='gform_theme_16' id='gform_theme_16' value='legacy' \/>\n            <input type='hidden' class='gform_hidden' name='gform_style_settings' data-js='gform_style_settings_16' id='gform_style_settings_16' value='[]' \/>\n            <input type='hidden' class='gform_hidden' name='is_submit_16' value='1' \/>\n            <input type='hidden' class='gform_hidden' name='gform_submit' value='16' \/>\n            \n            <input type='hidden' class='gform_hidden' name='gform_currency' data-currency='EUR' value='1cO95EI4FHCsfgFlhscBjgHe2QJ1PMZGg\/0Y1mWApQb\/4xqvmiFY+OZPZpEqPLzMQlk1MNOTqPunRh8h6\/nBnopuZuyWg\/glpD4dDQ8juXFJ4ZY=' \/>\n            <input type='hidden' class='gform_hidden' name='gform_unique_id' value='' \/>\n            <input type='hidden' class='gform_hidden' name='state_16' value='WyJbXSIsIjdhMmM0ZjA5YjJkMjFjMDBkOTRjNTgxNDZhYzliMzVhIl0=' \/>\n            <input type='hidden' autocomplete='off' class='gform_hidden' name='gform_target_page_number_16' id='gform_target_page_number_16' value='0' \/>\n            <input type='hidden' autocomplete='off' class='gform_hidden' name='gform_source_page_number_16' id='gform_source_page_number_16' value='1' \/>\n            <input type='hidden' name='gform_field_values' value='' \/>\n            \n        <\/div>\n                        <\/form>\n                        <\/div><script type=\"text\/javascript\">\n\/* <![CDATA[ *\/\n gform.initializeOnLoaded( function() {gformInitSpinner( 16, 'https:\/\/golfam.teamescape.com\/wp-content\/plugins\/gravityforms\/images\/spinner.svg', true );jQuery('#gform_ajax_frame_16').on('load',function(){var contents = jQuery(this).contents().find('*').html();var is_postback = contents.indexOf('GF_AJAX_POSTBACK') >= 0;if(!is_postback){return;}var form_content = jQuery(this).contents().find('#gform_wrapper_16');var is_confirmation = jQuery(this).contents().find('#gform_confirmation_wrapper_16').length > 0;var is_redirect = contents.indexOf('gformRedirect(){') >= 0;var is_form = form_content.length > 0 && ! is_redirect && ! is_confirmation;var mt = parseInt(jQuery('html').css('margin-top'), 10) + parseInt(jQuery('body').css('margin-top'), 10) + 100;if(is_form){form_content.find('form').css('opacity', 0);jQuery('#gform_wrapper_16').html(form_content.html());if(form_content.hasClass('gform_validation_error')){jQuery('#gform_wrapper_16').addClass('gform_validation_error');} else {jQuery('#gform_wrapper_16').removeClass('gform_validation_error');}setTimeout( function() { \/* delay the scroll by 50 milliseconds to fix a bug in chrome *\/  }, 50 );if(window['gformInitDatepicker']) {gformInitDatepicker();}if(window['gformInitPriceFields']) {gformInitPriceFields();}var current_page = jQuery('#gform_source_page_number_16').val();gformInitSpinner( 16, 'https:\/\/golfam.teamescape.com\/wp-content\/plugins\/gravityforms\/images\/spinner.svg', true );jQuery(document).trigger('gform_page_loaded', [16, current_page]);window['gf_submitting_16'] = false;}else if(!is_redirect){var confirmation_content = jQuery(this).contents().find('.GF_AJAX_POSTBACK').html();if(!confirmation_content){confirmation_content = contents;}jQuery('#gform_wrapper_16').replaceWith(confirmation_content);jQuery(document).trigger('gform_confirmation_loaded', [16]);window['gf_submitting_16'] = false;wp.a11y.speak(jQuery('#gform_confirmation_message_16').text());}else{jQuery('#gform_16').append(contents);if(window['gformRedirect']) {gformRedirect();}}jQuery(document).trigger(\"gform_pre_post_render\", [{ formId: \"16\", currentPage: \"current_page\", abort: function() { this.preventDefault(); } }]);        if (event && event.defaultPrevented) {                return;        }        const gformWrapperDiv = document.getElementById( \"gform_wrapper_16\" );        if ( gformWrapperDiv ) {            const visibilitySpan = document.createElement( \"span\" );            visibilitySpan.id = \"gform_visibility_test_16\";            gformWrapperDiv.insertAdjacentElement( \"afterend\", visibilitySpan );        }        const visibilityTestDiv = document.getElementById( \"gform_visibility_test_16\" );        let postRenderFired = false;        function triggerPostRender() {            if ( postRenderFired ) {                return;            }            postRenderFired = true;            gform.core.triggerPostRenderEvents( 16, current_page );            if ( visibilityTestDiv ) {                visibilityTestDiv.parentNode.removeChild( visibilityTestDiv );            }        }        function debounce( func, wait, immediate ) {            var timeout;            return function() {                var context = this, args = arguments;                var later = function() {                    timeout = null;                    if ( !immediate ) func.apply( context, args );                };                var callNow = immediate && !timeout;                clearTimeout( timeout );                timeout = setTimeout( later, wait );                if ( callNow ) func.apply( context, args );            };        }        const debouncedTriggerPostRender = debounce( function() {            triggerPostRender();        }, 200 );        if ( visibilityTestDiv && visibilityTestDiv.offsetParent === null ) {            const observer = new MutationObserver( ( mutations ) => {                mutations.forEach( ( mutation ) => {                    if ( mutation.type === 'attributes' && visibilityTestDiv.offsetParent !== null ) {                        debouncedTriggerPostRender();                        observer.disconnect();                    }                });            });            observer.observe( document.body, {                attributes: true,                childList: false,                subtree: true,                attributeFilter: [ 'style', 'class' ],            });        } else {            triggerPostRender();        }    } );} ); \n\/* ]]> *\/\n<\/script>\n\n<p>[\/et_pb_text][\/et_pb_column][\/et_pb_row][\/et_pb_section]<\/p>\n","protected":false},"excerpt":{"rendered":"<p>Online Escape Game GOLDENES FAMILIENFESTTechnik Bitte spiele das Spiel ausschlie\u00dflich am Desktop-PC oder Laptop, da einzelne Elemente nicht f\u00fcr mobile Endger\u00e4te geeignet sind. Nutze als Browser je nach Betriebssystem Google Chrome, Firefox oder Safari. Hilfsmittel Legt euch einen Block, einen Stift und evtl. euer Smartphone bereit und notiert alles (und wir meinen wirklich alles), was [&hellip;]<\/p>\n","protected":false},"author":10,"featured_media":0,"parent":0,"menu_order":0,"comment_status":"closed","ping_status":"closed","template":"","meta":{"_et_pb_use_builder":"on","_et_pb_old_content":"","_et_gb_content_width":"","inline_featured_image":false,"footnotes":""},"class_list":["post-1278","page","type-page","status-publish","hentry"],"_links":{"self":[{"href":"https:\/\/golfam.teamescape.com\/index.php?rest_route=\/wp\/v2\/pages\/1278","targetHints":{"allow":["GET"]}}],"collection":[{"href":"https:\/\/golfam.teamescape.com\/index.php?rest_route=\/wp\/v2\/pages"}],"about":[{"href":"https:\/\/golfam.teamescape.com\/index.php?rest_route=\/wp\/v2\/types\/page"}],"author":[{"embeddable":true,"href":"https:\/\/golfam.teamescape.com\/index.php?rest_route=\/wp\/v2\/users\/10"}],"replies":[{"embeddable":true,"href":"https:\/\/golfam.teamescape.com\/index.php?rest_route=%2Fwp%2Fv2%2Fcomments&post=1278"}],"version-history":[{"count":85,"href":"https:\/\/golfam.teamescape.com\/index.php?rest_route=\/wp\/v2\/pages\/1278\/revisions"}],"predecessor-version":[{"id":2575,"href":"https:\/\/golfam.teamescape.com\/index.php?rest_route=\/wp\/v2\/pages\/1278\/revisions\/2575"}],"wp:attachment":[{"href":"https:\/\/golfam.teamescape.com\/index.php?rest_route=%2Fwp%2Fv2%2Fmedia&parent=1278"}],"curies":[{"name":"wp","href":"https:\/\/api.w.org\/{rel}","templated":true}]}}